{"id":439,"date":"2021-01-21T12:51:12","date_gmt":"2021-01-21T12:51:12","guid":{"rendered":"https:\/\/www.lukas-neumayer.at\/imprint\/"},"modified":"2025-01-17T12:49:16","modified_gmt":"2025-01-17T12:49:16","slug":"imprint","status":"publish","type":"page","link":"https:\/\/www.lukas-neumayer.at\/en\/imprint\/","title":{"rendered":"Imprint"},"content":{"rendered":"<div class=\"fusion-fullwidth fullwidth-box fusion-builder-row-1 nonhundred-percent-fullwidth non-hundred-percent-height-scrolling\" style=\"--awb-border-radius-top-left:0px;--awb-border-radius-top-right:0px;--awb-border-radius-bottom-right:0px;--awb-border-radius-bottom-left:0px;--awb-flex-wrap:wrap;\" ><div class=\"fusion-builder-row fusion-row\"><div class=\"fusion-layout-column fusion_builder_column fusion-builder-column-0 fusion_builder_column_1_2 1_2 fusion-one-half fusion-column-first\" style=\"--awb-bg-size:cover;width:50%;width:calc(50% - ( ( 4% ) * 0.5 ) );margin-right: 4%;\"><div class=\"fusion-column-wrapper fusion-flex-column-wrapper-legacy\"><div class=\"fusion-text fusion-text-1\"><div class=\"fusion-text fusion-text-split-columns fusion-text-columns-2\">\n<p><strong>Birgit &amp; Harald Neumayer<br \/>\n<\/strong>5531 Eben &#8211; P\u00f6ttlersiedlung 283<br \/>\n+43 (0) 664 \/ 50 15 164<br \/>\n<a href=\"mailto:info@harald-neumayer.at\" target=\"_blank\" rel=\"noopener\">info@harald-neumayer.at<\/a><\/p>\n<p><strong>Urheberrechte<\/strong><br \/>\nIm Hinblick auf die technischen Eigenschaften des Internets kann keine Gew\u00e4hr f\u00fcr die Authentizit\u00e4t, Richtigkeit und Vollst\u00e4ndigkeit der im Internet zur Verf\u00fcgung gestellten Informationen \u00fcbernommen werden. Es wird auch keine Gew\u00e4hr f\u00fcr die Verf\u00fcgbarkeit oder den Betrieb der gegenst\u00e4ndlichen Homepage und ihrer Inhalte \u00fcbernommen. Jede Haftung f\u00fcr unmittelbare, mittelbare oder sonstige Sch\u00e4den, unabh\u00e4ngig von deren Ursachen, die aus der Benutzung oder Nichtverf\u00fcgbarkeit der Daten und Informationen dieser Homepage erwachsen, wird, soweit rechtlich zul\u00e4ssig, ausgeschlossen. Der Inhalt dieser Homepage ist urheberrechtlich gesch\u00fctzt. Die Informationen sind nur f\u00fcr die pers\u00f6nliche Verwendung bestimmt. Jede weitergehende Nutzung insbesondere die Speicherung in Datenbanken, Vervielf\u00e4ltigung und jede Form von gewerblicher Nutzung sowie die Weitergabe an Dritte \u2013 auch in Teilen oder in \u00fcberarbeiteter Form \u2013 ohne Zustimmung der jeweiligen Organisation ist untersagt. Jede Einbindung einzelner Seiten unseres Angebotes in fremde Frames ist zu unterlassen.<\/p>\n<\/div>\n<div class=\"fusion-text fusion-text-split-columns fusion-text-columns-2\">\n<p><strong>Online-Streitbeilegung<\/strong><br \/>\nInformationen zur Online-Streitbeilegung gem\u00e4\u00df Art. 14 Abs. 1 ODR-VO: Die EU-Kommission bietet die M\u00f6glichkeit zur Online-Streitbeilegung auf einer von ihr betriebenen Plattform (sog. \u201eOS-Plattform\u201c). Die OS-Plattform kann als Anlaufstelle zur au\u00dfergerichtlichen Beilegung von Streitigkeiten aus Online Kaufvertr\u00e4gen oder Dienstleistungsvertr\u00e4gen dienen. Diese Plattform ist \u00fcber den externen Link https:\/\/ec.europa.eu\/consumers\/odr zu erreichen.<\/p>\n<p><strong>Konzeption, Design, Programmierung<\/strong><br \/>\nDoppelpack Werbeagentur<br \/>\nStadtplatz 1 | A-5550 Radstadt<br \/>\nTel.: +43 (0)6452 20220<br \/>\nFax: +43 (0)6452 20341<br \/>\n<a href=\"mailto:office@doppelpack.com\" target=\"_blank\" rel=\"noopener\">office@doppelpack.com<\/a><br \/>\n<a href=\"http:\/\/www.doppelpack.com\" target=\"_blank\" rel=\"noopener\">www.doppelpack.com<\/a><\/p>\n<p><strong>Urheberrechte<\/strong><br \/>\nDer Inhalt dieser Website ist urheberrechtlich gesch\u00fctzt. Die Bereitstellung von Inhalten und Bildmaterial dieser Website auf anderen Websites ist nur mit ausdr\u00fccklicher Genehmigung der Redaktion gestattet. Die auf dieser Website enthaltenen Angaben werden nach bestem Wissen erstellt und mit gro\u00dfer Sorgfalt auf ihre Richtigkeit \u00fcberpr\u00fcft. Trotzdem sind inhaltliche und sachliche Fehler nicht vollst\u00e4ndig auszuschlie\u00dfen. Birgit &amp; Harald Neumayer\u2028 \u00fcbernimmt keinerlei Garantie und Haftung f\u00fcr die Richtigkeit, Aktualit\u00e4t und Vollst\u00e4ndigkeit der bereitgestellten Informationen. Alle Angaben sind ohne Gew\u00e4hr. Dies gilt auch f\u00fcr alle Links zu anderen URLs, die auf unserer Website genannt werden.<\/p>\n<p><strong>Bildnachweis<\/strong><br \/>\nBirgit &amp; Harald Neumayer<br \/>\nGEPA Pictures<br \/>\n<a href=\"https:\/\/lorenzmasser.com\/\" target=\"_blank\" rel=\"noopener\">Foto Lorenz Masser<\/a><\/p>\n<p><strong>Datenschutzerkl\u00e4rung<\/strong><br \/>\nVerantwortlich f\u00fcr die Verarbeitung Ihrer personenbezogenen Daten auf unserer Website ist Birgit &amp; Harald Neumayer, 5531 Eben &#8211; P\u00f6ttlersiedlung 283 , +43 (0) 664 \/ 50 15 164, info@harald-neumayer.at<\/p>\n<p>Wir nehmen den Schutz Ihrer pers\u00f6nlichen Daten sehr ernst. Wir behandeln Ihre personenbezogenen Daten vertraulich und entsprechend der gesetzlichen Datenschutzvorschriften sowie dieser Datenschutzerkl\u00e4rung. Ihre Daten werden ohne Ihre ausdr\u00fcckliche Zustimmung nicht an andere Empf\u00e4nger weitergegeben.<\/p>\n<p><strong>\u201eTeilen\u201c-Buttons<\/strong><br \/>\nUnsere Website verf\u00fcgt auf manchen Seiten \u00fcber Buttons zum Teilen der Seiteninhalte auf den Social Media-Plattformen Facebook, Instagram, Linkedin, Xing, Youtube, Twitter, Google Plus, Pinterest. Die Buttons sind im Sinn des Schutzes der personenbezogenen Daten unserer Websitebesucher ideal ausgestaltet, da das hinter den Buttons liegende Skript (Computerprogramm) keine personenbezogenen Daten erfasst oder verarbeitet. Websitebesucher, die unsere Seite teilen wollen, werden bei Klick auf die Buttons direkt auf die \u201eTeilen\u201c-Seiten der jeweiligen Social Media-Plattformen geleitet. Erst dort werden die zum Teilen der Seiteninhalte notwendigen Skripte geladen. Dabei gelten dann die vom Websitebesucher mit den jeweiligen Social Media-Plattformen vereinbarten Gesch\u00e4fts- und Datenschutzbedingungen. Genaue Informationen dar\u00fcber bieten die jeweiligen Plattformen Facebook, Google Plus, Instagram, Linkedin, Xing, Youtube, Twitter, Pinterest.<\/p>\n<\/div>\n<\/div><div class=\"fusion-clearfix\"><\/div><\/div><\/div><div class=\"fusion-layout-column fusion_builder_column fusion-builder-column-1 fusion_builder_column_1_2 1_2 fusion-one-half fusion-column-last\" style=\"--awb-bg-size:cover;width:50%;width:calc(50% - ( ( 4% ) * 0.5 ) );\"><div class=\"fusion-column-wrapper fusion-flex-column-wrapper-legacy\"><div class=\"fusion-text fusion-text-2\"><p><strong>Cookies &#8211; this website uses cookies<br \/>\n<\/strong>Cookies make websites more user-friendly and efficient for the user. A cookie is a small text file that is used to store information. When a website is visited, the website may place a cookie on the website visitor&#8217;s computer. If the user visits the website again later, the website can read the data from the previously stored cookie and thus determine, for example, whether the user has visited the website before and which areas of the website the user was particularly interested in. More information about cookies can be found on WIKIPEDIA.<br \/>\n<a href=\"https:\/\/de.wikipedia.org\/wiki\/HTTP-Cookie\" target=\"_blank\" rel=\"noopener\">https:\/\/de.wikipedia.org\/wiki\/HTTP-Cookie<\/a><\/p>\n<p><strong>Change cookie settings<br \/>\n<\/strong>How the web browser handles cookies, which cookies are allowed or rejected, can be defined by the user in the web browser settings. Where exactly these settings are located depends on the respective web browser. Detailed information on this can be accessed via the help function of the respective web browser. If the use of cookies is restricted, not all functions of this website may be fully usable.<\/p>\n<p><strong>Cookies on our website<\/strong><br \/>\nOur website uses the following providers:<\/p>\n<ul>\n<li>Doppelpack Semantic Cookie<\/li>\n<li>Google Analytics<\/li>\n<li>Google Adwords<\/li>\n<li>Google Tag Manager<\/li>\n<li>Facebook Connect<\/li>\n<li>Facebook Custom Audience<\/li>\n<li>Facebook Pixel<\/li>\n<li>Twitter Badge<\/li>\n<li>AddThis<\/li>\n<\/ul>\n<p><strong>Google Analytics<\/strong><br \/>\nThis website uses Google Analytics, a web analytics service provided by Google Inc, 1600 Amphitheatre Parkway Mountain View, CA 94043, USA (&#8220;Google&#8221;) on the legal basis of overriding legitimate interest (analysis of website usage). For this purpose, we have concluded an order data processing agreement with Google. When our website is called up, a connection to Google&#8217;s servers is established via software and data is transmitted to Google&#8217;s servers, some of which are located in the USA. Google Analytics also uses cookies to store information about the website user and to analyze the use of the website by website users. This website uses the function &#8220;Activation of IP anonymization&#8221;. This means that your IP address will be shortened beforehand by Google within member states of the European Union or in other contracting states of the Agreement on the European Economic Area. Only in exceptional cases will the full IP address be transmitted to a Google server in the USA and shortened there. According to Google, Google will use the collected data for the purpose of evaluating your use of the website, compiling reports on website activity and providing other services relating to website activity and internet usage. Google may also transfer this information to third parties where required to do so by law, or where such third parties process the information on Google&#8217;s behalf. Detailed information on the handling of user data by Google Analytics can be found in the privacy policy of Google or Google Analytics.<br \/>\n<a href=\"https:\/\/policies.google.com\/technologies\/ads?hl=de\" target=\"_blank\" rel=\"noopener\">https:\/\/policies.google.com\/technologies\/ads?hl=de<\/a><br \/>\n<a href=\"https:\/\/support.google.com\/analytics\/answer\/6004245?hl=de\" target=\"_blank\" rel=\"noopener\">https:\/\/support.google.com\/analytics\/answer\/6004245?hl=de<\/a><\/p>\n<p><strong>Deactivating Google Analytics<\/strong><\/p>\n<ul>\n<li>You can generally prevent the collection of your user data by Google Analytics on all websites by downloading and installing the browser plugin available at the following link:<a href=\"https:\/\/tools.google.com\/dlpage\/gaoptout?hl=de\" target=\"_blank\" rel=\"noopener\">https:\/\/tools.google.com\/dlpage\/gaoptout?hl=de<\/a><\/li>\n<li>You can prevent the collection of your user data by Google Analytics only on this website by clicking on the following link. An opt-out cookie will be set that will prevent the collection of your data during future visits to this website: Disable Google Analytics.<\/li>\n<\/ul>\n<p><strong>Facebook Pixel<\/strong><br \/>\nThis website uses Facebook Pixel, a web analytics service provided by Facebook Ireland Limited, 4 Grand Canal Square, Dublin 2, Ireland (&#8220;Facebook&#8221;) on the legal basis of overriding legitimate interest. For this purpose, we have concluded an order data processing agreement with Facebook. The data is partially transferred to the USA. The transfer of data to the USA takes place on the basis of the Privacy Shield. When our website is called up, a connection to Facebook&#8217;s servers is established via software and data is transmitted to Facebook&#8217;s servers, some of which are located in the USA. Facebook Pixel also uses cookies to store information about the website user and to analyze the use of the website by website users. According to Facebook, Facebook will use the collected data to evaluate the use of the website, compile reports on website activity and provide other services related to website and internet usage. Facebook may also transfer this information to third parties where required to do so by law or where such third parties process the information on Facebook&#8217;s behalf. Detailed information on the handling of user data at Facebook can be found in the privacy policy of <a href=\"https:\/\/www.facebook.com\/privacy\/explanation\" target=\"_blank\" rel=\"noopener\">www.facebook.com https:\/\/www.facebook.com\/privacy\/explanation<\/a><\/p>\n<p><strong>Deactivate Facebook Pixel:<\/strong><br \/>\nYou can prevent the collection of your user data by Facebook Pixel on this website only by clicking on the following link. An opt-out cookie will be set that prevents the collection of your data during future visits to this website: Deactivate Facebook Pixel.<\/p>\n<\/div><div class=\"fusion-clearfix\"><\/div><\/div><\/div><div class=\"fusion-layout-column fusion_builder_column fusion-builder-column-2 fusion_builder_column_1_1 1_1 fusion-one-full fusion-column-first fusion-column-last\" style=\"--awb-bg-size:cover;\"><div class=\"fusion-column-wrapper fusion-flex-column-wrapper-legacy\"><div class=\"fusion-text fusion-text-3\"><div class=\"fusion-text fusion-text-split-columns fusion-text-columns-2\"><strong>Your rights<br \/>\n<\/strong>You have the right to information, correction, deletion and restriction of processing of personal data as well as the right to data portability. You have the right to revoke any consent you may have given for the processing of your personal data. The lawfulness of the processing of the personal data until the revocation is not affected by the revocation. You have the right to object to the processing of your personal data for the purpose of direct marketing. In the event of an objection, your personal data will no longer be processed for the purpose of direct marketing. Furthermore, you have the right to lodge a complaint with the supervisory authority (Austrian Data Protection Authority, Hohenstaufengasse 3, 1010 Wien, <a href=\"mailto:dsb@dsb.gv.at\" target=\"_blank\" rel=\"noopener\">dsb@dsb.gv.at<\/a>).<\/div>\n<\/div><div class=\"fusion-clearfix\"><\/div><\/div><\/div><\/div><\/div>\n","protected":false},"excerpt":{"rendered":"","protected":false},"author":1,"featured_media":0,"parent":0,"menu_order":0,"comment_status":"closed","ping_status":"closed","template":"100-width.php","meta":{"footnotes":""},"_links":{"self":[{"href":"https:\/\/www.lukas-neumayer.at\/en\/wp-json\/wp\/v2\/pages\/439"}],"collection":[{"href":"https:\/\/www.lukas-neumayer.at\/en\/wp-json\/wp\/v2\/pages"}],"about":[{"href":"https:\/\/www.lukas-neumayer.at\/en\/wp-json\/wp\/v2\/types\/page"}],"author":[{"embeddable":true,"href":"https:\/\/www.lukas-neumayer.at\/en\/wp-json\/wp\/v2\/users\/1"}],"replies":[{"embeddable":true,"href":"https:\/\/www.lukas-neumayer.at\/en\/wp-json\/wp\/v2\/comments?post=439"}],"version-history":[{"count":6,"href":"https:\/\/www.lukas-neumayer.at\/en\/wp-json\/wp\/v2\/pages\/439\/revisions"}],"predecessor-version":[{"id":1426,"href":"https:\/\/www.lukas-neumayer.at\/en\/wp-json\/wp\/v2\/pages\/439\/revisions\/1426"}],"wp:attachment":[{"href":"https:\/\/www.lukas-neumayer.at\/en\/wp-json\/wp\/v2\/media?parent=439"}],"curies":[{"name":"wp","href":"https:\/\/api.w.org\/{rel}","templated":true}]}}